{"id":23,"date":"2011-01-18T21:51:58","date_gmt":"2011-01-18T20:51:58","guid":{"rendered":"http:\/\/mommas.vildavastra.se\/mentaltraining\/?page_id=23"},"modified":"2011-01-21T17:59:44","modified_gmt":"2011-01-21T16:59:44","slug":"hem","status":"publish","type":"page","link":"http:\/\/mommas.vildavastra.se\/mentaltraining\/?page_id=23","title":{"rendered":"V\u00e4lkommen"},"content":{"rendered":"<p>V\u00e4lkommen till avslappningstr\u00e4ning i fyra program med Avsp\u00e4nningspedagogen, &#8221;skurk\u00e4rringen&#8221;, Annagreta Eriksson H. Musik av\u00a0Dan Kjellin och\u00a0bild Nina Pudja. Min tanke \u00e4r att\u00a0du som blir intresserad av mitt program, och vill l\u00e4ra dig avslappning, gratis ska f\u00e5\u00a0lyssna\u00a0p\u00e5 programmen.<\/p>\n<p>Syftet med avslappningstr\u00e4ning \u00e4r: &#8221;Att m\u00e5 bra och fungera b\u00e4ttre&#8221;\u00a0b\u00e5de i din vardag, och i ditt arbete. Mer finns att l\u00e4sa p\u00e5\u00a0 Mommas blogg under L\u00e4nken: Mental tr\u00e4ning d\u00e4r fil.dr.L. E. Unest\u00e5hl beskriver metoden. \u00a0B.la. P.U.M.T. vilket st\u00e5r f\u00f6r Personlig utveckling genom mental tr\u00e4ning,\u00a0och \u00e4r den utbildning jag l\u00e4st vid\u00a0Skandinaviska ledarh\u00f6gskolan i \u00d6rebro.<\/p>\n<p>St\u00e4ll g\u00e4rna fr\u00e5gor och kommentera. Jag ska svara s\u00e5 gott jag kan p\u00e5 era fr\u00e5gor.<\/p>\n<p>Varf\u00f6r jag b\u00e4r titeln &#8221;Skurk\u00e4rringen&#8221; ska jag ber\u00e4tta om i ett annat tillf\u00e4lle.<\/p>\n<p>S\u00e5 var s\u00e5 god! Ta chansen\u00a0och l\u00e4r dig p\u00e5\u00a0ett\u00a0enkelt s\u00e4tt\u00a0&#8211; Att m\u00e5 bra och fungera b\u00e4ttre.<\/p>\n<p>Lycka till \/\u00a0\u00a0\u00a0\u00a0 Annagreta<\/p>\n","protected":false},"excerpt":{"rendered":"<p>V\u00e4lkommen till avslappningstr\u00e4ning i fyra program med Avsp\u00e4nningspedagogen, &#8221;skurk\u00e4rringen&#8221;, Annagreta Eriksson H. Musik av\u00a0Dan Kjellin och\u00a0bild Nina Pudja. Min tanke \u00e4r att\u00a0du som blir intresserad av mitt program, och vill l\u00e4ra dig avslappning, gratis ska f\u00e5\u00a0lyssna\u00a0p\u00e5 programmen. Syftet med avslappningstr\u00e4ning \u00e4r: &#8221;Att m\u00e5 bra och fungera b\u00e4ttre&#8221;\u00a0b\u00e5de i din vardag, och i ditt arbete. Mer [&hellip;]<\/p>\n","protected":false},"author":1,"featured_media":0,"parent":0,"menu_order":0,"comment_status":"closed","ping_status":"open","template":"","meta":{"footnotes":""},"class_list":["post-23","page","type-page","status-publish","hentry"],"_links":{"self":[{"href":"http:\/\/mommas.vildavastra.se\/mentaltraining\/index.php?rest_route=\/wp\/v2\/pages\/23","targetHints":{"allow":["GET"]}}],"collection":[{"href":"http:\/\/mommas.vildavastra.se\/mentaltraining\/index.php?rest_route=\/wp\/v2\/pages"}],"about":[{"href":"http:\/\/mommas.vildavastra.se\/mentaltraining\/index.php?rest_route=\/wp\/v2\/types\/page"}],"author":[{"embeddable":true,"href":"http:\/\/mommas.vildavastra.se\/mentaltraining\/index.php?rest_route=\/wp\/v2\/users\/1"}],"replies":[{"embeddable":true,"href":"http:\/\/mommas.vildavastra.se\/mentaltraining\/index.php?rest_route=%2Fwp%2Fv2%2Fcomments&post=23"}],"version-history":[{"count":10,"href":"http:\/\/mommas.vildavastra.se\/mentaltraining\/index.php?rest_route=\/wp\/v2\/pages\/23\/revisions"}],"predecessor-version":[{"id":25,"href":"http:\/\/mommas.vildavastra.se\/mentaltraining\/index.php?rest_route=\/wp\/v2\/pages\/23\/revisions\/25"}],"wp:attachment":[{"href":"http:\/\/mommas.vildavastra.se\/mentaltraining\/index.php?rest_route=%2Fwp%2Fv2%2Fmedia&parent=23"}],"curies":[{"name":"wp","href":"https:\/\/api.w.org\/{rel}","templated":true}]}}