{"id":115,"date":"2012-03-06T23:30:09","date_gmt":"2012-03-06T22:30:09","guid":{"rendered":"http:\/\/mommas.vildavastra.se\/mentaltraining\/?page_id=115"},"modified":"2012-03-06T23:32:52","modified_gmt":"2012-03-06T22:32:52","slug":"l-e-unestahl-om-annagreta","status":"publish","type":"page","link":"http:\/\/mommas.vildavastra.se\/mentaltraining\/?page_id=115","title":{"rendered":"L-E Unest\u00e5hl om Annagreta"},"content":{"rendered":"<p>H\u00f6r Lars-Eric Unest\u00e5hl ber\u00e4tta om Annagreta;<\/p>\n<p>&nbsp;<\/p>\n<p><iframe loading=\"lazy\" src=\"http:\/\/www.youtube.com\/embed\/hu27g72UvEY\" frameborder=\"0\" width=\"560\" height=\"315\"><\/iframe><\/p>\n","protected":false},"excerpt":{"rendered":"<p>H\u00f6r Lars-Eric Unest\u00e5hl ber\u00e4tta om Annagreta; &nbsp;<\/p>\n","protected":false},"author":1,"featured_media":0,"parent":0,"menu_order":20,"comment_status":"open","ping_status":"closed","template":"","meta":{"footnotes":""},"class_list":["post-115","page","type-page","status-publish","hentry"],"_links":{"self":[{"href":"http:\/\/mommas.vildavastra.se\/mentaltraining\/index.php?rest_route=\/wp\/v2\/pages\/115","targetHints":{"allow":["GET"]}}],"collection":[{"href":"http:\/\/mommas.vildavastra.se\/mentaltraining\/index.php?rest_route=\/wp\/v2\/pages"}],"about":[{"href":"http:\/\/mommas.vildavastra.se\/mentaltraining\/index.php?rest_route=\/wp\/v2\/types\/page"}],"author":[{"embeddable":true,"href":"http:\/\/mommas.vildavastra.se\/mentaltraining\/index.php?rest_route=\/wp\/v2\/users\/1"}],"replies":[{"embeddable":true,"href":"http:\/\/mommas.vildavastra.se\/mentaltraining\/index.php?rest_route=%2Fwp%2Fv2%2Fcomments&post=115"}],"version-history":[{"count":4,"href":"http:\/\/mommas.vildavastra.se\/mentaltraining\/index.php?rest_route=\/wp\/v2\/pages\/115\/revisions"}],"predecessor-version":[{"id":119,"href":"http:\/\/mommas.vildavastra.se\/mentaltraining\/index.php?rest_route=\/wp\/v2\/pages\/115\/revisions\/119"}],"wp:attachment":[{"href":"http:\/\/mommas.vildavastra.se\/mentaltraining\/index.php?rest_route=%2Fwp%2Fv2%2Fmedia&parent=115"}],"curies":[{"name":"wp","href":"https:\/\/api.w.org\/{rel}","templated":true}]}}